{"id":102,"date":"2021-09-22T10:00:26","date_gmt":"2021-09-22T08:00:26","guid":{"rendered":"http:\/\/cfdt13.fr\/blog\/?page_id=102"},"modified":"2022-03-09T12:13:55","modified_gmt":"2022-03-09T11:13:55","slug":"mentions-legales","status":"publish","type":"page","link":"https:\/\/cfdt13.fr\/blog\/mentions-legales\/","title":{"rendered":"Mentions L\u00e9gales"},"content":{"rendered":"\n<p><strong>Syndicat Cfdt &#8211; Union D\u00e9partementale des Bouches du Rh\u00f4ne<\/strong><\/p>\n\n\n\n<p>18 rue Sainte 13001 Marseille<br>04 91 33 40 73<br>contact@cfdt13.fr<\/p>\n\n\n\n<p><strong>Secr\u00e9taire G\u00e9n\u00e9ral :<\/strong> Alain Rei<br><strong>Webmaster<\/strong> : Carmela Garipoli<\/p>\n","protected":false},"excerpt":{"rendered":"<p>Syndicat Cfdt &#8211; Union D\u00e9partementale des Bouches du Rh\u00f4ne 18 rue Sainte 13001 Marseille04 91 33 40 73contact@cfdt13.fr Secr\u00e9taire G\u00e9n\u00e9ral<\/p>\n","protected":false},"author":1,"featured_media":0,"parent":0,"menu_order":0,"comment_status":"closed","ping_status":"closed","template":"","meta":{"_monsterinsights_skip_tracking":false,"_monsterinsights_sitenote_active":false,"_monsterinsights_sitenote_note":"","_monsterinsights_sitenote_category":0,"footnotes":""},"class_list":["post-102","page","type-page","status-publish","hentry"],"_links":{"self":[{"href":"https:\/\/cfdt13.fr\/blog\/wp-json\/wp\/v2\/pages\/102","targetHints":{"allow":["GET"]}}],"collection":[{"href":"https:\/\/cfdt13.fr\/blog\/wp-json\/wp\/v2\/pages"}],"about":[{"href":"https:\/\/cfdt13.fr\/blog\/wp-json\/wp\/v2\/types\/page"}],"author":[{"embeddable":true,"href":"https:\/\/cfdt13.fr\/blog\/wp-json\/wp\/v2\/users\/1"}],"replies":[{"embeddable":true,"href":"https:\/\/cfdt13.fr\/blog\/wp-json\/wp\/v2\/comments?post=102"}],"version-history":[{"count":2,"href":"https:\/\/cfdt13.fr\/blog\/wp-json\/wp\/v2\/pages\/102\/revisions"}],"predecessor-version":[{"id":458,"href":"https:\/\/cfdt13.fr\/blog\/wp-json\/wp\/v2\/pages\/102\/revisions\/458"}],"wp:attachment":[{"href":"https:\/\/cfdt13.fr\/blog\/wp-json\/wp\/v2\/media?parent=102"}],"curies":[{"name":"wp","href":"https:\/\/api.w.org\/{rel}","templated":true}]}}